{"id":32,"date":"2024-08-20T20:20:17","date_gmt":"2024-08-20T20:20:17","guid":{"rendered":"https:\/\/lrfencecompanyinc.com\/?page_id=32"},"modified":"2024-11-25T22:49:54","modified_gmt":"2024-11-25T22:49:54","slug":"ag-and-municipal","status":"publish","type":"page","link":"https:\/\/lrfencecompanyinc.com\/es\/ag-and-municipal\/","title":{"rendered":"Cercas Agr\u00edcolas"},"content":{"rendered":"<div class=\"wpb-content-wrapper\"><div class=\"vc_row wpb_row vc_row-fluid hp-row vc_custom_1732565140604 vc_row-has-fill vc_row-o-content-middle vc_row-flex\"><div class=\"wpb_column vc_column_container vc_col-sm-12\"><div class=\"vc_column-inner\"><div class=\"wpb_wrapper\"><div class=\"vc_row wpb_row vc_inner vc_row-fluid\"><div class=\"wpb_column vc_column_container vc_col-sm-12\"><div class=\"vc_column-inner\"><div class=\"wpb_wrapper\">\n\t<div class=\"wpb_text_column wpb_content_element  font-white\" >\n\t\t<div class=\"wpb_wrapper\">\n\t\t\t<h1 style=\"text-align: center;\">Cercas Agr\u00edcolas<\/h1>\n\n\t\t<\/div>\n\t<\/div>\n<\/div><\/div><\/div><\/div><div class=\"vc_row wpb_row vc_inner vc_row-fluid\"><div class=\"wpb_column vc_column_container vc_col-sm-12\"><div class=\"vc_column-inner\"><div class=\"wpb_wrapper\"><\/div><\/div><\/div><\/div><\/div><\/div><\/div><\/div><!-- Row Backgrounds --><div class=\"upb_bg_img\" data-ultimate-bg=\"url(https:\/\/lrfencecompanyinc.com\/wp-content\/uploads\/2024\/10\/iStock-1007194574.jpg)\" data-image-id=\"id^185|url^https:\/\/lrfencecompanyinc.com\/wp-content\/uploads\/2024\/10\/iStock-1007194574.jpg|caption^back view of father and son sitting on fence and looking at green field|alt^back view of father and son sitting on fence and looking at green field|title^back view of father and son sitting on fence and looking at green field|description^null\" data-ultimate-bg-style=\"vcpb-default\" data-bg-img-repeat=\"repeat\" data-bg-img-size=\"cover\" data-bg-img-position=\"\" data-parallx_sense=\"30\" data-bg-override=\"full\" data-bg_img_attach=\"scroll\" data-upb-overlay-color=\"rgba(24,76,161,0.73)\" data-upb-bg-animation=\"\" data-fadeout=\"\" data-bg-animation=\"left-animation\" data-bg-animation-type=\"h\" data-animation-repeat=\"repeat\" data-fadeout-percentage=\"30\" data-parallax-content=\"\" data-parallax-content-sense=\"30\" data-row-effect-mobile-disable=\"true\" data-img-parallax-mobile-disable=\"true\" data-rtl=\"false\"  data-custom-vc-row=\"\"  data-vc=\"8.0.1\"  data-is_old_vc=\"\"  data-theme-support=\"\"   data-overlay=\"true\" data-overlay-color=\"rgba(24,76,161,0.73)\" data-overlay-pattern=\"\" data-overlay-pattern-opacity=\"0.8\" data-overlay-pattern-size=\"\" data-overlay-pattern-attachment=\"scroll\"    ><\/div><div class=\"vc_row wpb_row vc_row-fluid vc_row-o-content-middle vc_row-flex\"><div class=\"wpb_column vc_column_container vc_col-sm-6\"><div class=\"vc_column-inner\"><div class=\"wpb_wrapper\">\n\t<div  class=\"wpb_single_image wpb_content_element vc_align_left\">\n\t\t\n\t\t<figure class=\"wpb_wrapper vc_figure\">\n\t\t\t<div class=\"vc_single_image-wrapper   vc_box_border_grey\"><img decoding=\"async\" class=\"vc_single_image-img\" src=\"https:\/\/lrfencecompanyinc.com\/wp-content\/uploads\/2024\/10\/LR-Fence_33-450x450.png\" width=\"450\" height=\"450\" alt=\"A truck is parked beside a fence along a dirt road, surrounded by a natural landscape.\" title=\"A truck is parked beside a fence along a dirt road, surrounded by a natural landscape.\" loading=\"lazy\"  data-dt-location=\"https:\/\/lrfencecompanyinc.com\/es\/gallery\/attachment\/lr-fence_33\/\" \/><\/div>\n\t\t<\/figure>\n\t<\/div>\n<\/div><\/div><\/div><div class=\"wpb_column vc_column_container vc_col-sm-6\"><div class=\"vc_column-inner\"><div class=\"wpb_wrapper\">\n\t<div class=\"wpb_text_column wpb_content_element\" >\n\t\t<div class=\"wpb_wrapper\">\n\t\t\t<h3 class=\"blue-heading\"><strong>Proteja su granja o propiedad rural con nuestras cercas agr\u00edcolas resistentes a la intemperie<\/strong><\/h3>\n<p><span style=\"font-weight: 400;\">Nuestras cercas est\u00e1n dise\u00f1adas espec\u00edficamente para soportar los elementos y proteger ganado, cultivos y equipo. Con un enfoque en durabilidad y longevidad, aseguramos que su propiedad agr\u00edcola permanezca segura y bien protegida.<\/span><\/p>\n\n\t\t<\/div>\n\t<\/div>\n<\/div><\/div><\/div><\/div><!-- Row Backgrounds --><div class=\"upb_color\" data-bg-override=\"full\" data-bg-color=\"#e7e8e9\" data-fadeout=\"\" data-fadeout-percentage=\"30\" data-parallax-content=\"\" data-parallax-content-sense=\"30\" data-row-effect-mobile-disable=\"true\" data-img-parallax-mobile-disable=\"true\" data-rtl=\"false\"  data-custom-vc-row=\"\"  data-vc=\"8.0.1\"  data-is_old_vc=\"\"  data-theme-support=\"\"   data-overlay=\"false\" data-overlay-color=\"\" data-overlay-pattern=\"\" data-overlay-pattern-opacity=\"\" data-overlay-pattern-size=\"\"    ><\/div><div id=\"estimate-height\" class=\"vc_row wpb_row vc_row-fluid vc_custom_1729804191386 vc_row-o-content-middle vc_row-flex\"><div class=\"wpb_column vc_column_container vc_col-sm-8\"><div class=\"vc_column-inner\"><div class=\"wpb_wrapper\">\n\t<div class=\"wpb_text_column wpb_content_element  font-white\" >\n\t\t<div class=\"wpb_wrapper\">\n\t\t\t<h3>\u00a1Obt\u00e9n un Presupuesto Gratis!<\/h3>\n<p><span style=\"font-weight: 400;\">\u00bfTienes curiosidad sobre el costo de tu proyecto de cercas? Obt\u00e9n un presupuesto sin compromiso hoy mismo y planifica tu proyecto con total confianza y claridad. Nuestro equipo te proporcionar\u00e1 un desglose detallado, ayud\u00e1ndote a entender los costos y las opciones disponibles para tus necesidades espec\u00edficas.<\/span><\/p>\n\n\t\t<\/div>\n\t<\/div>\n<\/div><\/div><\/div><div class=\"wpb_column vc_column_container vc_col-sm-4\"><div class=\"vc_column-inner\"><div class=\"wpb_wrapper\"><div class=\"ubtn-ctn-center\"><a class=\"ubtn-link ult-adjust-bottom-margin ubtn-center ubtn-large\" href=\"\/es\/free-estimate\/\" title=\"Free Estimate\" ><button type=\"button\" id=\"ubtn-5054\"  class=\"ubtn ult-adjust-bottom-margin ult-responsive ubtn-large ubtn-fade-bg  none  ubtn-center   tooltip-69ef802d54ad4\"  data-hover=\"\" data-border-color=\"#191919\" data-bg=\"#191919\" data-hover-bg=\"\" data-border-hover=\"#191919\" data-shadow-hover=\"\" data-shadow-click=\"none\" data-shadow=\"\" data-shd-shadow=\"\"  data-ultimate-target='#ubtn-5054'  data-responsive-json-new='{\"font-size\":\"desktop:16px;\",\"line-height\":\"\"}'  style=\"font-family:&#039;Rubik&#039;;font-weight:bold;border-radius:5px;border-width:1px;border-color:#191919;border-style:solid;background: #191919;color: #ffffff;\"><span class=\"ubtn-hover\" style=\"background-color:\"><\/span><span class=\"ubtn-data ubtn-text\" >Presupuesto Gratis<\/span><\/button><\/a><\/div><\/div><\/div><\/div><\/div><!-- Row Backgrounds --><div class=\"upb_color\" data-bg-override=\"full\" data-bg-color=\"#184ca1\" data-fadeout=\"\" data-fadeout-percentage=\"30\" data-parallax-content=\"\" data-parallax-content-sense=\"30\" data-row-effect-mobile-disable=\"true\" data-img-parallax-mobile-disable=\"true\" data-rtl=\"false\"  data-custom-vc-row=\"\"  data-vc=\"8.0.1\"  data-is_old_vc=\"\"  data-theme-support=\"\"   data-overlay=\"false\" data-overlay-color=\"\" data-overlay-pattern=\"\" data-overlay-pattern-opacity=\"\" data-overlay-pattern-size=\"\"    ><\/div>\n<\/div>","protected":false},"excerpt":{"rendered":"<p>AGRICULTURAL FENCING Safeguard your farm or rural property with our weather-resistant agricultural fences Our fences are specifically designed to withstand the elements and protect livestock, crops, and equipment. With a focus on durability and longevity, we ensure your agricultural property remains secure and well-protected. Get a Free Estimate!! Curious about the cost of your fencing&hellip;<\/p>","protected":false},"author":1,"featured_media":0,"parent":0,"menu_order":1,"comment_status":"closed","ping_status":"closed","template":"","meta":{"footnotes":""},"class_list":["post-32","page","type-page","status-publish","hentry","description-off"],"yoast_head":"<!-- This site is optimized with the Yoast SEO plugin v24.0 - https:\/\/yoast.com\/wordpress\/plugins\/seo\/ -->\n<title>Ag and Municipal - LR Fence<\/title>\n<meta name=\"description\" content=\"Secure your agricultural or municipal property with durable fencing solutions tailored to your needs. Explore options designed to protect and last.\" \/>\n<meta name=\"robots\" content=\"index, follow, max-snippet:-1, max-image-preview:large, max-video-preview:-1\" \/>\n<link rel=\"canonical\" href=\"https:\/\/lrfencecompanyinc.com\/es\/ag-and-municipal\/\" \/>\n<meta property=\"og:locale\" content=\"es_MX\" \/>\n<meta property=\"og:type\" content=\"article\" \/>\n<meta property=\"og:title\" content=\"Ag and Municipal - LR Fence\" \/>\n<meta property=\"og:description\" content=\"Secure your agricultural or municipal property with durable fencing solutions tailored to your needs. Explore options designed to protect and last.\" \/>\n<meta property=\"og:url\" content=\"https:\/\/lrfencecompanyinc.com\/es\/ag-and-municipal\/\" \/>\n<meta property=\"og:site_name\" content=\"LR Fence\" \/>\n<meta property=\"article:modified_time\" content=\"2024-11-25T22:49:54+00:00\" \/>\n<meta name=\"twitter:card\" content=\"summary_large_image\" \/>\n<meta name=\"twitter:label1\" content=\"Tiempo de lectura\" \/>\n\t<meta name=\"twitter:data1\" content=\"2 minutos\" \/>\n<script type=\"application\/ld+json\" class=\"yoast-schema-graph\">{\"@context\":\"https:\/\/schema.org\",\"@graph\":[{\"@type\":\"WebPage\",\"@id\":\"https:\/\/lrfencecompanyinc.com\/ag-and-municipal\/\",\"url\":\"https:\/\/lrfencecompanyinc.com\/ag-and-municipal\/\",\"name\":\"Ag and Municipal - LR Fence\",\"isPartOf\":{\"@id\":\"https:\/\/lrfence.advinewebgrowth.com\/#website\"},\"datePublished\":\"2024-08-20T20:20:17+00:00\",\"dateModified\":\"2024-11-25T22:49:54+00:00\",\"description\":\"Secure your agricultural or municipal property with durable fencing solutions tailored to your needs. Explore options designed to protect and last.\",\"breadcrumb\":{\"@id\":\"https:\/\/lrfencecompanyinc.com\/ag-and-municipal\/#breadcrumb\"},\"inLanguage\":\"es\",\"potentialAction\":[{\"@type\":\"ReadAction\",\"target\":[\"https:\/\/lrfencecompanyinc.com\/ag-and-municipal\/\"]}]},{\"@type\":\"BreadcrumbList\",\"@id\":\"https:\/\/lrfencecompanyinc.com\/ag-and-municipal\/#breadcrumb\",\"itemListElement\":[{\"@type\":\"ListItem\",\"position\":1,\"name\":\"Home\",\"item\":\"https:\/\/lrfencecompanyinc.com\/\"},{\"@type\":\"ListItem\",\"position\":2,\"name\":\"Ag and Municipal\"}]},{\"@type\":\"WebSite\",\"@id\":\"https:\/\/lrfence.advinewebgrowth.com\/#website\",\"url\":\"https:\/\/lrfence.advinewebgrowth.com\/\",\"name\":\"LR Fence\",\"description\":\"Just another WordPress site\",\"potentialAction\":[{\"@type\":\"SearchAction\",\"target\":{\"@type\":\"EntryPoint\",\"urlTemplate\":\"https:\/\/lrfence.advinewebgrowth.com\/?s={search_term_string}\"},\"query-input\":{\"@type\":\"PropertyValueSpecification\",\"valueRequired\":true,\"valueName\":\"search_term_string\"}}],\"inLanguage\":\"es\"}]}<\/script>\n<!-- \/ Yoast SEO plugin. -->","yoast_head_json":{"title":"Ag and Municipal - LR Fence","description":"Secure your agricultural or municipal property with durable fencing solutions tailored to your needs. Explore options designed to protect and last.","robots":{"index":"index","follow":"follow","max-snippet":"max-snippet:-1","max-image-preview":"max-image-preview:large","max-video-preview":"max-video-preview:-1"},"canonical":"https:\/\/lrfencecompanyinc.com\/es\/ag-and-municipal\/","og_locale":"es_MX","og_type":"article","og_title":"Ag and Municipal - LR Fence","og_description":"Secure your agricultural or municipal property with durable fencing solutions tailored to your needs. Explore options designed to protect and last.","og_url":"https:\/\/lrfencecompanyinc.com\/es\/ag-and-municipal\/","og_site_name":"LR Fence","article_modified_time":"2024-11-25T22:49:54+00:00","twitter_card":"summary_large_image","twitter_misc":{"Tiempo de lectura":"2 minutos"},"schema":{"@context":"https:\/\/schema.org","@graph":[{"@type":"WebPage","@id":"https:\/\/lrfencecompanyinc.com\/ag-and-municipal\/","url":"https:\/\/lrfencecompanyinc.com\/ag-and-municipal\/","name":"Ag and Municipal - LR Fence","isPartOf":{"@id":"https:\/\/lrfence.advinewebgrowth.com\/#website"},"datePublished":"2024-08-20T20:20:17+00:00","dateModified":"2024-11-25T22:49:54+00:00","description":"Secure your agricultural or municipal property with durable fencing solutions tailored to your needs. Explore options designed to protect and last.","breadcrumb":{"@id":"https:\/\/lrfencecompanyinc.com\/ag-and-municipal\/#breadcrumb"},"inLanguage":"es","potentialAction":[{"@type":"ReadAction","target":["https:\/\/lrfencecompanyinc.com\/ag-and-municipal\/"]}]},{"@type":"BreadcrumbList","@id":"https:\/\/lrfencecompanyinc.com\/ag-and-municipal\/#breadcrumb","itemListElement":[{"@type":"ListItem","position":1,"name":"Home","item":"https:\/\/lrfencecompanyinc.com\/"},{"@type":"ListItem","position":2,"name":"Ag and Municipal"}]},{"@type":"WebSite","@id":"https:\/\/lrfence.advinewebgrowth.com\/#website","url":"https:\/\/lrfence.advinewebgrowth.com\/","name":"LR Fence","description":"Just another WordPress site","potentialAction":[{"@type":"SearchAction","target":{"@type":"EntryPoint","urlTemplate":"https:\/\/lrfence.advinewebgrowth.com\/?s={search_term_string}"},"query-input":{"@type":"PropertyValueSpecification","valueRequired":true,"valueName":"search_term_string"}}],"inLanguage":"es"}]}},"_links":{"self":[{"href":"https:\/\/lrfencecompanyinc.com\/es\/wp-json\/wp\/v2\/pages\/32","targetHints":{"allow":["GET"]}}],"collection":[{"href":"https:\/\/lrfencecompanyinc.com\/es\/wp-json\/wp\/v2\/pages"}],"about":[{"href":"https:\/\/lrfencecompanyinc.com\/es\/wp-json\/wp\/v2\/types\/page"}],"author":[{"embeddable":true,"href":"https:\/\/lrfencecompanyinc.com\/es\/wp-json\/wp\/v2\/users\/1"}],"replies":[{"embeddable":true,"href":"https:\/\/lrfencecompanyinc.com\/es\/wp-json\/wp\/v2\/comments?post=32"}],"version-history":[{"count":11,"href":"https:\/\/lrfencecompanyinc.com\/es\/wp-json\/wp\/v2\/pages\/32\/revisions"}],"predecessor-version":[{"id":304,"href":"https:\/\/lrfencecompanyinc.com\/es\/wp-json\/wp\/v2\/pages\/32\/revisions\/304"}],"wp:attachment":[{"href":"https:\/\/lrfencecompanyinc.com\/es\/wp-json\/wp\/v2\/media?parent=32"}],"curies":[{"name":"wp","href":"https:\/\/api.w.org\/{rel}","templated":true}]}}